{"id":9096,"date":"2024-12-13T10:11:07","date_gmt":"2024-12-13T09:11:07","guid":{"rendered":"https:\/\/www.steinecker.at\/fashion\/?page_id=9096"},"modified":"2024-12-13T10:11:07","modified_gmt":"2024-12-13T09:11:07","slug":"agb","status":"publish","type":"page","link":"https:\/\/www.steinecker.at\/fashion\/agb\/","title":{"rendered":"AGB"},"content":{"rendered":"<p>Allgemeine Gesch\u00e4ftsbedingungen &#8211; Steinecker Moden GMBH.<br \/>\nSteinecker Moden GMBH betreibt zu gewerblichen Zwecken unter der Domain http:\/\/www.steinecker.at eine Homepage und bietet unter anderem seinen Kunden auf diesen Websites Artikel zum Kauf \u00fcber das Internet an.<\/p>\n<p>1. GELTUNGSBEREICH<br \/>\nF\u00fcr die Gesch\u00e4ftsbeziehung zwischen Steinecker Moden GMBH, A-3263 Randegg &#8211; Randegg 34 und dem Besteller &#8212; auch f\u00fcr alle zuk\u00fcnftigen Gesch\u00e4fte &#8212; gelten ausschlie\u00dflich die nachfolgenden Allgemeinen Gesch\u00e4ftsbedingungen in ihrer zum Zeitpunkt der Bestellung g\u00fcltigen Fassung. Abweichende Bedingungen des Bestellers kennt Steinecker Moden GMBH nicht an, es sei denn, Steinecker Moden GMBH h\u00e4tte ausdr\u00fccklich schriftlich ihrer Geltung zugestimmt.<\/p>\n<p>2. VERTRAGSSCHLUSS UND R\u00dcCKTRITT<br \/>\nSteinecker Moden GMBH verpflichtet sich, die Bestellung des Bestellers zu den Bedingungen der Website anzunehmen. Bei Schreib-, Druck- und Rechenfehlern auf der Website ist Steinecker Moden GMBH zum R\u00fccktritt berechtigt auch dann, wenn der Kunde bereits eine Auftragsbest\u00e4tigung mit z. B. falschem Preis erhalten hat.<\/p>\n<p>2.1 BEREITHALTUNG DER BESTELLTEN WARE<br \/>\nMit Eingang der Bestellung wird die Ware von Steinecker Moden GMBH f\u00fcr den Kunden reserviert. Erfolgt eine Zahlung nicht innerhalb von einer Woche ab Vertragsabschlu\u00df, so beh\u00e4lt sich Steinecker Moden GMBH eine anderweitige Verf\u00fcgung \u00fcber die Ware vor.<\/p>\n<p>3. LIEFERUNG<br \/>\nSofern nicht anders vereinbart, erfolgt die Lieferung ab Lager an die vom Besteller angegebene Lieferadresse. Die Gefahr geht auf den Besteller \u00fcber, sobald die Lieferung den Betrieb von Steinecker Moden GMBH verlassen hat, und zwar auch dann, wenn Teillieferungen erfolgen. Alle Sendungen erfolgen im versichertem Versand. Angaben \u00fcber die Lieferfrist sind unverbindlich, soweit nicht ausnahmsweise der Liefertermin verbindlich und schriftlich (Papierform mit Unterschrift) zugesagt wurde.<\/p>\n<p>4. F\u00c4LLIGKEIT UND ZAHLUNG, VERZUG<br \/>\nSofern keine besonderen Zahlungsbedingungen schriftlich vereinbart wurden, ist die Fakturensumme (Nettopries zuz\u00fcglich Mehrwertsteuer) binnen 5 Tagen ab Rechnungsdatum zur Zahlung f\u00e4llig.<\/p>\n<p>Bei Teilverrechnungen sind entsprechende Teilbetr\u00e4ge mit Erhalt der betreffenden Faktura f\u00e4llig. Dies gilt auch f\u00fcr Rechnungsbetr\u00e4ge, welche durch Nachlieferung oder andere Vereinbarungen \u00fcber die urspr\u00fcnglichen Abschlusssumme hinaus entstehen, unabh\u00e4ngig von den f\u00fcr die Hauptlieferung vereinbarten Zahlungsbedingungen.<\/p>\n<p>Der Auftraggeber ist nicht berechtigt, Zahlungen wegen nicht vollst\u00e4ndiger Lieferung, Garantie- oder Gew\u00e4hrleistungsanspr\u00fcchen, oder Bem\u00e4ngelungen zur\u00fcckzuhalten. Beim Auftragnehmer einlangende Zahlungen tilgen zuerst Zinseszinsen, die Zinsen und Nebenspesen, die vorprozessualen Kosten, Kosten eines beigezogenen Anwaltes und Inkassob\u00fcros, dann das aushaftende Kapital beginnend bei der \u00e4ltesten Schuld.<\/p>\n<p>Ist der Auftraggeber mit seiner Zahlung oder sonstigen Leistungen in Verzug, so kann der Auftragnehmer:<\/p>\n<p>a) Die Erf\u00fcllung seiner Verpflichtungen bis zur Bewirkung der r\u00fcckst\u00e4ndigen Zahlung oder sonstigen Leistungen aufschieben,<\/p>\n<p>b) Eine angemessene Verl\u00e4ngerung der Lieferfrist in Anspruch nehmen,<\/p>\n<p>c) den gesamten noch offenen Kaufpreis f\u00e4llig stellen (Terminsverlust) und<\/p>\n<p>d) eine Mahngeb\u00fchr in H\u00f6he von \u20ac 40,&#8211;, sowie ab F\u00e4lligkeit Verzugszinsen von 12% \u00fcber den jeweiligen Basiszinssatz verrechnen, oder<\/p>\n<p>e) bei Nichteinhaltung einer angemessenen Nachfrist vom Vertrag zur\u00fccktreten.<\/p>\n<p>5. AUFRECHNUNG, ZUR\u00dcCKBEHALTUNG<br \/>\nDer Auftraggeber ist nicht berechtigt, Zahlungen wegen Gew\u00e4hrleistungsanspr\u00fcchen oder anderen Anspr\u00fcchen, welcher Art auch immer zur\u00fcckzuhalten oder mit Gegenforderungen aufzurechnen.<\/p>\n<p>6. EIGENTUMSVORBEHALT<br \/>\nBis zur vollst\u00e4ndigen Tilgung aller Forderungen des Auftragnehmers aus allen gegenseitigen Rechtsgesch\u00e4ften mit dem Auftraggeber bleibt die Ware im Eigentum des Auftragnehmers. Der Auftraggeber hat den Kennzeichnungspflichten und sonstigen Formvorschriften zur Wahrung des Eigentumsvorbehalts nachzukommen. Bei Pf\u00e4ndung oder sonstiger Inanspruchnahme ist der Auftraggeber gehalten, auf das Eigentum des Auftragnehmers hinzuweisen und diesen unverz\u00fcglich zu verst\u00e4ndigen.<\/p>\n<p>7. M\u00c4NGELGEW\u00c4HRLEISTUNG UND HAFTUNG<br \/>\nDer Auftraggeber ist nach Ma\u00dfgabe der folgenden Bestimmungen verpflichtet, innerhalb der gesetzlichen Gew\u00e4hrleistungsfrist jeden die Funktionsf\u00e4higkeit beeintr\u00e4chtigenden Mangel am Leistungsgegenstand zu beheben, der zum Zeitpunkt der Lieferung bereits vorlag und auf einen Fehler der Konstruktion durch den Auftragnehmer, des Materials oder der Ausf\u00fchrung beruht.<\/p>\n<p>Der Gew\u00e4hrleistungsanspruch entsteht nur dann, wenn der Auftraggeber den aufgetretenen Mangel unverz\u00fcglich schriftlich anzeigt und detailliert beschrieben hat. Dies gilt insbesondere auch im Fall von M\u00e4ngeln bei Werkvertr\u00e4gen. M\u00e4ngel eines Teils der Lieferung d\u00fcrfen nicht zur Beanstandung der gesamten Lieferung f\u00fchren. Bei berechtigter M\u00e4ngelr\u00fcge kann der Auftragnehmer nach seiner Wahl die mangelfreie Ware oder mangelhafte Teile davon ersetzen oder nachbessern.<\/p>\n<p>Wird eine Leistung aufgrund von Konstruktionsangaben, Zeichnungen, Modellen und sonstigen Spezifikationen des Auftraggebers angefertigt, so erstreckt sich die Haftung des Auftragnehmers nur auf die bedingungsgem\u00e4\u00dfe Ausf\u00fchrung. Bei Verkauf, Gebrauch der Gegenst\u00e4nde, sowie bei \u00dcbernahme von Reparaturauftr\u00e4gen oder bei Um\u00e4nderungen und Umbauten leistet der Auftragnehmer keine Gew\u00e4hr.<\/p>\n<p>Von der Gew\u00e4hrleistung ausgeschlossen sind M\u00e4ngel, die durch \u00dcberbeanspruchung, nachl\u00e4ssige oder unsachgem\u00e4\u00dfe Behandlung, Verwendung ungeeigneter Betriebsmaterialen vom Auftraggeber oder dritter Seite beigestelltes Material, Anweisungen des Auftraggebers oder Montagearbeiten dritter verursacht worden sind. Der Auftragnehmer haftet nicht f\u00fcr Besch\u00e4digungen durch Handlungen Dritter, atmosph\u00e4rischer Entladung, \u00dcberspannungen und chemische Einfl\u00fcsse. Teile die einem nat\u00fcrlichen Verschlei\u00df unterliegen, sind von der Gew\u00e4hrleistung erlischt sofort, wenn ohne Zustimmung des Auftragnehmers \u00c4nderungen oder Instandsetzungen am Liefergegenstand vorgenommen werden. Durch gew\u00e4hrleistungspflichtige Arbeiten und Lieferungen wird die Gew\u00e4hrleistungspflicht nicht verl\u00e4ngert.<\/p>\n<p>Der Auftragnehmer ist bei Werkvertr\u00e4gen einvernehmlich von der Warnpflicht gem\u00e4\u00df \u00a7 1168a ABGB befreit.<\/p>\n<p>Soweit in diesen Bedingungen nichts anderes vorgesehen wurde, bleibt die Haftung des Auftragnehmers in allen F\u00e4llen auf jene Sch\u00e4den beschr\u00e4nkt, die am Gegenstand der Leistung des Auftragnehmers entstanden sind. Jeder dar\u00fcber hinaus gehende Schadenersatz, insbesondere f\u00fcr Mangelfolgesch\u00e4den ist ausgeschlossen, sofern dem Auftragnehmer nicht grobes Verschulten vorzuwerfen ist.<\/p>\n<p>8. DATENSCHUTZ DATENSICHERUNG<br \/>\nDer Auftraggeber erteilt seine Zustimmung, dass die im Kaufvertrag mitenthaltenen personenbezogenen Daten in Erf\u00fcllung des Vertrages vom Auftragnehmer automationsunterst\u00fctzt gespeichert und verarbeitet werden k\u00f6nnen.<\/p>\n<p>Wir bedienen uns zur Datenspeicherung einer EDV-Anlage.<\/p>\n<p>9. ANWENDBARES RECHT UND GERICHTSSTAND<br \/>\nSoweit nicht anders vereinbart, gelten die zwischen Vollkaufleuten zur Anwendung kommenden gesetzlichen Bestimmungen. F\u00fcr eventuelle Streitigkeiten gilt die \u00f6rtliche Zust\u00e4ndigkeit des sachlich zust\u00e4ndigen Gerichtes f\u00fcr den Gesch\u00e4ftssitz des Auftragnehmers vereinbart. Es gilt \u00f6sterreichisches materielles Recht. Die Anwendbarkeit des UN-Kaufrechtes wird ausgeschlossen. F\u00fcr alle gegen einen Verbraucher, der im Inland seinen Wohnsitz, gew\u00f6hnlichen Aufenthalt oder Ort der Besch\u00e4ftigung hat, wegen Streitigkeiten aus diesem Vertrag erhobenen Klagen ist eines jener Gerichte zust\u00e4ndig, in dessen Sprengel der Verbraucher seinen Wohnsitz, gew\u00f6hnlichen Aufenthalt oder Ort der Besch\u00e4ftigung hat.<\/p>\n<p>10. WIDERRUFSRECHT NACH DEM FERNABSATZGESETZ UND R\u00dcCKGABERECHT<br \/>\nDie folgenden Rechte gelten nur f\u00fcr private Verbraucher, d.h. jede nat\u00fcrliche Person, die ein Rechtsgesch\u00e4ft zu einem Zweck abschlie\u00dft, der weder ihrer gewerblichen noch ihrer selbst\u00e4ndigen beruflichen T\u00e4tigkeit zugerechnet werden kann. F\u00fcr Unternehmer, Kaufleute, Firmen und \u00f6ffentliche Einrichtungen gelten die Regelungen des Handelsgesetzbuches (HGB)<\/p>\n<p>Der Kunde ist an seine Bestellung nicht mehr gebunden, wenn er binnen einer Frist von 2 Wochen nach erhalt der Ware die Bestellung widerruft. Der Widerruf muss keine Begr\u00fcndung enthalten und schriftlich auf einem dauerhaften Datentr\u00e4ger oder durch R\u00fccksendung der Artikel erfolgen. Zur Fristwahrung gen\u00fcgt die rechtzeitige Absendung an: Steinecker Moden GMBH, Randegg 34, 3263 Randegg, Austria. Im Fall eines Widerrufs werden die eventuell bereits geleisteten Zahlungen nach R\u00fcckerhalt der Ware innerhalb von 30 Tagen ab Eingang der R\u00fccksendung an den Kunden zur\u00fcckerstattet. Der Kunde ist verpflichtet die Ware auf unsere Gefahr versichert zur\u00fcckzusenden, sofern er dies noch nicht zusammen mit dem Widerrufsschreiben erledigt hat. Die Kosten der R\u00fccksendung hat der Kunde zu tragen, wenn der Wert der bestellten und zur\u00fcckgegebenen Ware einen Betrag von 40 EURO nicht \u00fcberschreitet. Unfrei gesendete Pakete werden nicht angenommen! Von dem R\u00fcckgaberecht ausgeschlossen sind Audio- oder Videoaufzeichnungen sowie vom Kunden besch\u00e4digte Waren, Software, soweit die Datentr\u00e4ger entsiegelt worden sind. Treten Versandsch\u00e4den auf, m\u00fcssen Sie sich diese, schriftlich vom Zusteller best\u00e4tigen lassen.<\/p>\n<p>10.1 EIN R\u00dcCKGABERECHT BESTEHT GRUNDS\u00c4TZLICH NICHT BEI<br \/>\nLieferung von Waren, die nicht auf den Websites von steinecker.at angeboten und im Sortiment von Steinecker Moden GMBH nicht gef\u00fchrt, sondern auf ausdr\u00fccklichen Wunsch des Kunden extra f\u00fcr ihn bestellt werden oder die nach Vorgaben des Kunden hergestellt oder bearbeitet worden sind.<\/p>\n<p>10.2 R\u00dcCKERSTATTUNGEN<br \/>\nEin Anspruch auf R\u00fcckerstattung des gesamten Kaufpreises besteht nicht, wenn der Wert der Ware durch Gebrauch, der \u00fcber die \u00fcbliche Pr\u00fcfung (z.B. Benutzung) der Ware, wie sie dem Kunden auch in einem Ladengesch\u00e4ft m\u00f6glich gewesen w\u00e4re, hinausgeht, durch Besch\u00e4digung der Ware oder ihrer Verpackung oder durch sonstige Umst\u00e4nde, die der Kunde zu vertreten hat, gemindert ist. In diesem Fall wird Steinecker Moden GMBH einen im Einzelfall angemessenen Abzug f\u00fcr die Wertminderung vornehmen. Sollte die Wertminderung des Kaufgegenstandes so erheblich sein, dass Firma Steinecker Moden GMBH ein Wiederverkauf der Ware unm\u00f6glich oder nur mit unvertretbaren Verlusten m\u00f6glich ist, ist eine R\u00fccknahme der Kaufsache grunds\u00e4tzlich ausgeschlossen.<\/p>\n<p>\u00a7 10.3 R\u00dcCKERSTATTUNG VERSANDKOSTEN<br \/>\nEine Erstattung der vom Kunden f\u00fcr die Zusendung der Ware an uns gezahlten Versandkosten erfolgt nicht, es sei denn, es handelt sich um einen Gew\u00e4hrleistungsfall oder die gesamte Bestellung wird widerrufen.<\/p>\n<p>11. MARKEN<br \/>\nAuf unserer Website genannte Marken, Handels- oder Firmennamen sind oder k\u00f6nnen Marken oder eingetragene Marken der jeweiligen Eigent\u00fcmer sein.<\/p>\n<p>12. HAFTUNGSAUSSCHLUSS<br \/>\nAuf den Websites www.steinecker.at und anderen zu diesen Domains geh\u00f6renden Subdomains befinden sich Links zu anderen Seiten im Internet, wobei Steinecker Moden GMBH keine Haftung f\u00fcr Inhalt und Richtigkeit weiterf\u00fchrender Links \u00fcbernimmt.<\/p>\n<p>13. SCHLUSSBESTIMMUNG<br \/>\nSind oder werden einzelne Bestimmungen dieser Gesch\u00e4ftsbedingungen ung\u00fcltig oder unwirksam, so wird hierdurch die G\u00fcltigkeit der \u00fcbrigen Bestimmungen nicht ber\u00fchrt.<\/p>\n","protected":false},"excerpt":{"rendered":"<p>Allgemeine Gesch\u00e4ftsbedingungen &#8211; Steinecker Moden GMBH. Steinecker Moden GMBH betreibt zu gewerblichen Zwecken unter der Domain http:\/\/www.steinecker.at eine Homepage und bietet unter anderem seinen Kunden auf diesen Websites Artikel zum Kauf \u00fcber das Internet an. 1. GELTUNGSBEREICH F\u00fcr die Gesch\u00e4ftsbeziehung zwischen Steinecker Moden GMBH, A-3263 Randegg &#8211; Randegg 34 und dem Besteller &#8212; auch f\u00fcr [&#8230;]\n","protected":false},"author":1,"featured_media":0,"parent":0,"menu_order":0,"comment_status":"closed","ping_status":"closed","template":"","meta":{"footnotes":""},"class_list":["post-9096","page","type-page","status-publish","hentry"],"yoast_head":"<!-- This site is optimized with the Yoast SEO plugin v27.3 - https:\/\/yoast.com\/product\/yoast-seo-wordpress\/ -->\n<title>AGB - Steinecker Fashion - Markenmode - Abendmode<\/title>\n<meta name=\"description\" content=\"Allgemeine Gesch\u00e4ftsbedingungen - Steinecker Moden GMBH\" \/>\n<meta name=\"robots\" content=\"index, follow, max-snippet:-1, max-image-preview:large, max-video-preview:-1\" \/>\n<link rel=\"canonical\" href=\"https:\/\/www.steinecker.at\/fashion\/agb\/\" \/>\n<meta property=\"og:locale\" content=\"de_DE\" \/>\n<meta property=\"og:type\" content=\"article\" \/>\n<meta property=\"og:title\" content=\"AGB - Steinecker Fashion - Markenmode - Abendmode\" \/>\n<meta property=\"og:description\" content=\"Allgemeine Gesch\u00e4ftsbedingungen - Steinecker Moden GMBH\" \/>\n<meta property=\"og:url\" content=\"https:\/\/www.steinecker.at\/fashion\/agb\/\" \/>\n<meta property=\"og:site_name\" content=\"Steinecker Fashion - Markenmode - Abendmode\" \/>\n<meta property=\"article:publisher\" content=\"https:\/\/www.facebook.com\/steinecker.fashion\" \/>\n<meta name=\"twitter:card\" content=\"summary_large_image\" \/>\n<meta name=\"twitter:label1\" content=\"Gesch\u00e4tzte Lesezeit\" \/>\n\t<meta name=\"twitter:data1\" content=\"8\u00a0Minuten\" \/>\n<script type=\"application\/ld+json\" class=\"yoast-schema-graph\">{\"@context\":\"https:\\\/\\\/schema.org\",\"@graph\":[{\"@type\":\"WebPage\",\"@id\":\"https:\\\/\\\/www.steinecker.at\\\/fashion\\\/agb\\\/\",\"url\":\"https:\\\/\\\/www.steinecker.at\\\/fashion\\\/agb\\\/\",\"name\":\"AGB - Steinecker Fashion - Markenmode - Abendmode\",\"isPartOf\":{\"@id\":\"https:\\\/\\\/www.steinecker.at\\\/fashion\\\/#website\"},\"datePublished\":\"2024-12-13T09:11:07+00:00\",\"description\":\"Allgemeine Gesch\u00e4ftsbedingungen - Steinecker Moden GMBH\",\"breadcrumb\":{\"@id\":\"https:\\\/\\\/www.steinecker.at\\\/fashion\\\/agb\\\/#breadcrumb\"},\"inLanguage\":\"de\",\"potentialAction\":[{\"@type\":\"ReadAction\",\"target\":[\"https:\\\/\\\/www.steinecker.at\\\/fashion\\\/agb\\\/\"]}]},{\"@type\":\"BreadcrumbList\",\"@id\":\"https:\\\/\\\/www.steinecker.at\\\/fashion\\\/agb\\\/#breadcrumb\",\"itemListElement\":[{\"@type\":\"ListItem\",\"position\":1,\"name\":\"Startseite\",\"item\":\"https:\\\/\\\/www.steinecker.at\\\/fashion\\\/\"},{\"@type\":\"ListItem\",\"position\":2,\"name\":\"AGB\"}]},{\"@type\":\"WebSite\",\"@id\":\"https:\\\/\\\/www.steinecker.at\\\/fashion\\\/#website\",\"url\":\"https:\\\/\\\/www.steinecker.at\\\/fashion\\\/\",\"name\":\"Steinecker Fashion - Markenmode - Abendmode\",\"description\":\"Markenmode und die sch\u00f6nsten Abendmode Trends f\u00fcr SIE und IHN\",\"potentialAction\":[{\"@type\":\"SearchAction\",\"target\":{\"@type\":\"EntryPoint\",\"urlTemplate\":\"https:\\\/\\\/www.steinecker.at\\\/fashion\\\/?s={search_term_string}\"},\"query-input\":{\"@type\":\"PropertyValueSpecification\",\"valueRequired\":true,\"valueName\":\"search_term_string\"}}],\"inLanguage\":\"de\"}]}<\/script>\n<!-- \/ Yoast SEO plugin. -->","yoast_head_json":{"title":"AGB - Steinecker Fashion - Markenmode - Abendmode","description":"Allgemeine Gesch\u00e4ftsbedingungen - Steinecker Moden GMBH","robots":{"index":"index","follow":"follow","max-snippet":"max-snippet:-1","max-image-preview":"max-image-preview:large","max-video-preview":"max-video-preview:-1"},"canonical":"https:\/\/www.steinecker.at\/fashion\/agb\/","og_locale":"de_DE","og_type":"article","og_title":"AGB - Steinecker Fashion - Markenmode - Abendmode","og_description":"Allgemeine Gesch\u00e4ftsbedingungen - Steinecker Moden GMBH","og_url":"https:\/\/www.steinecker.at\/fashion\/agb\/","og_site_name":"Steinecker Fashion - Markenmode - Abendmode","article_publisher":"https:\/\/www.facebook.com\/steinecker.fashion","twitter_card":"summary_large_image","twitter_misc":{"Gesch\u00e4tzte Lesezeit":"8\u00a0Minuten"},"schema":{"@context":"https:\/\/schema.org","@graph":[{"@type":"WebPage","@id":"https:\/\/www.steinecker.at\/fashion\/agb\/","url":"https:\/\/www.steinecker.at\/fashion\/agb\/","name":"AGB - Steinecker Fashion - Markenmode - Abendmode","isPartOf":{"@id":"https:\/\/www.steinecker.at\/fashion\/#website"},"datePublished":"2024-12-13T09:11:07+00:00","description":"Allgemeine Gesch\u00e4ftsbedingungen - Steinecker Moden GMBH","breadcrumb":{"@id":"https:\/\/www.steinecker.at\/fashion\/agb\/#breadcrumb"},"inLanguage":"de","potentialAction":[{"@type":"ReadAction","target":["https:\/\/www.steinecker.at\/fashion\/agb\/"]}]},{"@type":"BreadcrumbList","@id":"https:\/\/www.steinecker.at\/fashion\/agb\/#breadcrumb","itemListElement":[{"@type":"ListItem","position":1,"name":"Startseite","item":"https:\/\/www.steinecker.at\/fashion\/"},{"@type":"ListItem","position":2,"name":"AGB"}]},{"@type":"WebSite","@id":"https:\/\/www.steinecker.at\/fashion\/#website","url":"https:\/\/www.steinecker.at\/fashion\/","name":"Steinecker Fashion - Markenmode - Abendmode","description":"Markenmode und die sch\u00f6nsten Abendmode Trends f\u00fcr SIE und IHN","potentialAction":[{"@type":"SearchAction","target":{"@type":"EntryPoint","urlTemplate":"https:\/\/www.steinecker.at\/fashion\/?s={search_term_string}"},"query-input":{"@type":"PropertyValueSpecification","valueRequired":true,"valueName":"search_term_string"}}],"inLanguage":"de"}]}},"_links":{"self":[{"href":"https:\/\/www.steinecker.at\/fashion\/wp-json\/wp\/v2\/pages\/9096","targetHints":{"allow":["GET"]}}],"collection":[{"href":"https:\/\/www.steinecker.at\/fashion\/wp-json\/wp\/v2\/pages"}],"about":[{"href":"https:\/\/www.steinecker.at\/fashion\/wp-json\/wp\/v2\/types\/page"}],"author":[{"embeddable":true,"href":"https:\/\/www.steinecker.at\/fashion\/wp-json\/wp\/v2\/users\/1"}],"replies":[{"embeddable":true,"href":"https:\/\/www.steinecker.at\/fashion\/wp-json\/wp\/v2\/comments?post=9096"}],"version-history":[{"count":1,"href":"https:\/\/www.steinecker.at\/fashion\/wp-json\/wp\/v2\/pages\/9096\/revisions"}],"predecessor-version":[{"id":9097,"href":"https:\/\/www.steinecker.at\/fashion\/wp-json\/wp\/v2\/pages\/9096\/revisions\/9097"}],"wp:attachment":[{"href":"https:\/\/www.steinecker.at\/fashion\/wp-json\/wp\/v2\/media?parent=9096"}],"curies":[{"name":"wp","href":"https:\/\/api.w.org\/{rel}","templated":true}]}}