{"id":6534,"date":"2020-05-05T08:54:13","date_gmt":"2020-05-05T06:54:13","guid":{"rendered":"http:\/\/www.steinecker.at\/fashion-XYZ\/?page_id=6534"},"modified":"2022-12-28T13:39:09","modified_gmt":"2022-12-28T12:39:09","slug":"firmenkunden-ausstattungen","status":"publish","type":"page","link":"https:\/\/www.steinecker.at\/fashion\/firmenkunden-ausstattungen\/","title":{"rendered":"Firmenkunden Ausstattungen"},"content":{"rendered":"\n\t<section class=\"section\" id=\"section_2072533090\">\n\t\t<div class=\"section-bg fill\" >\n\t\t\t\t\t\t\t\t\t\n\t\t\t\n\n\t\t<\/div>\n\n\t\t\n\n\t\t<div class=\"section-content relative\">\n\t\t\t\n<div class=\"row row-collapse align-center\"  id=\"row-441955167\">\n\n\t<div id=\"col-289137212\" class=\"col medium-6 small-12 large-6\"  >\n\t\t\t\t<div class=\"col-inner text-center\"  >\n\t\t\t\n\t\t\t\n<h2>Firmenkunden Ausstattungen<\/h2>\n<p>Steinecker ist Spezialist bei der Ausstattung von <strong>Firmen- und Vereinskunden<\/strong>. Von unseren Topmarken bis zu preisg\u00fcnstigen Varianten f\u00fcr Damen und Herren ist Alles m\u00f6glich. Die<strong> hauseigenen \u00c4nderungsschneidereien<\/strong> garantieren <strong>beste Passform und besten Service<\/strong>.<\/p>\n<p>Wenn auch Sie Interesse an einer Ausstattung haben w\u00fcrden wir uns \u00fcber eine Nachricht von Ihnen freuen.<br \/>\nSchreiben Sie uns eine E-Mail: <strong><a href=\"mailto:gottfried@steinecker.at\">gottfried@steinecker.at<\/a>.<\/strong><\/p>\n<p>Steinecker ist Ausstatter des &#8222;<a style=\"text-decoration: underline;\" href=\"http:\/\/www.fk-austria.at\" target=\"_blank\" rel=\"noopener noreferrer\">FK Austria Wien<\/a>&#8222;. Die komplette Mannschaft wurde mit dem Sneaker-Suit von Benvenuto ausgestattet.<\/p>\n\t\t<\/div>\n\t\t\t\t\n<style>\n#col-289137212 > .col-inner {\n  padding: 50px 0px 50px 0px;\n}\n<\/style>\n\t<\/div>\n\n\t\n\n\t<div id=\"col-514767961\" class=\"col large-12\"  >\n\t\t\t\t<div class=\"col-inner\"  >\n\t\t\t\n\t\t\t\n\t<div class=\"img has-hover x md-x lg-x y md-y lg-y\" id=\"image_181546170\">\n\t\t\t\t\t\t\t\t<div class=\"img-inner image-zoom dark\" >\n\t\t\t<img decoding=\"async\" width=\"1020\" height=\"681\" src=\"https:\/\/www.steinecker.at\/fashion\/wp-content\/uploads\/2017\/11\/image001.jpg\" class=\"attachment-large size-large\" alt=\"\" srcset=\"https:\/\/www.steinecker.at\/fashion\/wp-content\/uploads\/2017\/11\/image001.jpg 1280w, https:\/\/www.steinecker.at\/fashion\/wp-content\/uploads\/2017\/11\/image001-600x401.jpg 600w, https:\/\/www.steinecker.at\/fashion\/wp-content\/uploads\/2017\/11\/image001-800x534.jpg 800w, https:\/\/www.steinecker.at\/fashion\/wp-content\/uploads\/2017\/11\/image001-768x513.jpg 768w\" sizes=\"(max-width: 1020px) 100vw, 1020px\" \/>\t\t\t\t\t\t\n\t\t\t\t\t<\/div>\n\t\t\t\t\t\t\t\t\n<style>\n#image_181546170 {\n  width: 100%;\n}\n<\/style>\n\t<\/div>\n\t\n\t\t<\/div>\n\t\t\t\t\t<\/div>\n\n\t\n<\/div>\n\t\t<\/div>\n\n\t\t\n<style>\n#section_2072533090 {\n  padding-top: 0px;\n  padding-bottom: 0px;\n}\n<\/style>\n\t<\/section>\n\t\n<div class=\"text-center\"><div class=\"is-divider divider clearfix\" ><\/div><\/div>\n<div class=\"social-icons share-icons share-row relative full-width text-center\" ><a href=\"whatsapp:\/\/send?text=Firmenkunden%20Ausstattungen - https:\/\/www.steinecker.at\/fashion\/firmenkunden-ausstattungen\/\" data-action=\"share\/whatsapp\/share\" class=\"icon primary button round tooltip whatsapp show-for-medium\" title=\"Auf WhatsApp teilen\" aria-label=\"Auf WhatsApp teilen\"><i class=\"icon-whatsapp\" aria-hidden=\"true\"><\/i><\/a><a href=\"https:\/\/www.facebook.com\/sharer.php?u=https:\/\/www.steinecker.at\/fashion\/firmenkunden-ausstattungen\/\" data-label=\"Facebook\" onclick=\"window.open(this.href,this.title,'width=500,height=500,top=300px,left=300px'); return false;\" target=\"_blank\" class=\"icon primary button round tooltip facebook\" title=\"Auf Facebook teilen\" aria-label=\"Auf Facebook teilen\" rel=\"noopener nofollow\"><i class=\"icon-facebook\" aria-hidden=\"true\"><\/i><\/a><a href=\"https:\/\/x.com\/share?url=https:\/\/www.steinecker.at\/fashion\/firmenkunden-ausstattungen\/\" onclick=\"window.open(this.href,this.title,'width=500,height=500,top=300px,left=300px'); return false;\" target=\"_blank\" class=\"icon primary button round tooltip x\" title=\"Auf X teilen\" aria-label=\"Auf X teilen\" rel=\"noopener nofollow\"><i class=\"icon-x\" aria-hidden=\"true\"><\/i><\/a><a href=\"https:\/\/twitter.com\/share?url=https:\/\/www.steinecker.at\/fashion\/firmenkunden-ausstattungen\/\" onclick=\"window.open(this.href,this.title,'width=500,height=500,top=300px,left=300px'); return false;\" target=\"_blank\" class=\"icon primary button round tooltip twitter\" title=\"Auf Twitter teilen\" aria-label=\"Auf Twitter teilen\" rel=\"noopener nofollow\"><i class=\"icon-twitter\" aria-hidden=\"true\"><\/i><\/a><a href=\"https:\/\/threads.net\/intent\/post?text=Firmenkunden%20Ausstattungen%0A%0Ahttps%3A%2F%2Fwww.steinecker.at%2Ffashion%2Ffirmenkunden-ausstattungen%2F\" onclick=\"window.open(this.href,this.title,'width=500,height=500,top=300px,left=300px'); return false;\" target=\"_blank\" class=\"icon primary button round tooltip threads\" title=\"Share on Threads\" aria-label=\"Share on Threads\" rel=\"noopener nofollow\"><i class=\"icon-threads\" aria-hidden=\"true\"><\/i><\/a><a href=\"mailto:?subject=Firmenkunden%20Ausstattungen&body=Schau%20dir%20das%20an%3A%20https%3A%2F%2Fwww.steinecker.at%2Ffashion%2Ffirmenkunden-ausstattungen%2F\" class=\"icon primary button round tooltip email\" title=\"E-mail an einen Freund senden\" aria-label=\"E-mail an einen Freund senden\" rel=\"nofollow\"><i class=\"icon-envelop\" aria-hidden=\"true\"><\/i><\/a><a href=\"https:\/\/telegram.me\/share\/url?url=https:\/\/www.steinecker.at\/fashion\/firmenkunden-ausstattungen\/\" onclick=\"window.open(this.href,this.title,'width=500,height=500,top=300px,left=300px'); return false;\" target=\"_blank\" class=\"icon primary button round tooltip telegram\" title=\"Auf Telegram teilen\" aria-label=\"Auf Telegram teilen\" rel=\"noopener nofollow\"><i class=\"icon-telegram\" aria-hidden=\"true\"><\/i><\/a><\/div>\n\t<div id=\"gap-241736006\" class=\"gap-element clearfix\" style=\"display:block; height:auto;\">\n\t\t\n<style>\n#gap-241736006 {\n  padding-top: 30px;\n}\n<\/style>\n\t<\/div>\n\t\n","protected":false},"excerpt":{"rendered":"","protected":false},"author":1,"featured_media":4455,"parent":0,"menu_order":0,"comment_status":"closed","ping_status":"closed","template":"page-blank.php","meta":{"footnotes":""},"class_list":["post-6534","page","type-page","status-publish","has-post-thumbnail","hentry"],"yoast_head":"<!-- This site is optimized with the Yoast SEO plugin v27.3 - https:\/\/yoast.com\/product\/yoast-seo-wordpress\/ -->\n<title>Firmenkunden Ausstattungen - Steinecker Fashion - Markenmode - Abendmode<\/title>\n<meta name=\"description\" content=\"Steinecker ist Spezialist bei der Ausstattung von Firmen- und Vereinskunden. Von Topmarken bis zu preisg\u00fcnstigen Varianten f\u00fcr Damen und Herren.\" \/>\n<meta name=\"robots\" content=\"index, follow, max-snippet:-1, max-image-preview:large, max-video-preview:-1\" \/>\n<link rel=\"canonical\" href=\"https:\/\/www.steinecker.at\/fashion\/firmenkunden-ausstattungen\/\" \/>\n<meta property=\"og:locale\" content=\"de_DE\" \/>\n<meta property=\"og:type\" content=\"article\" \/>\n<meta property=\"og:title\" content=\"Firmenkunden Ausstattungen - Steinecker Fashion - Markenmode - Abendmode\" \/>\n<meta property=\"og:description\" content=\"Steinecker ist Spezialist bei der Ausstattung von Firmen- und Vereinskunden. Von Topmarken bis zu preisg\u00fcnstigen Varianten f\u00fcr Damen und Herren.\" \/>\n<meta property=\"og:url\" content=\"https:\/\/www.steinecker.at\/fashion\/firmenkunden-ausstattungen\/\" \/>\n<meta property=\"og:site_name\" content=\"Steinecker Fashion - Markenmode - Abendmode\" \/>\n<meta property=\"article:publisher\" content=\"https:\/\/www.facebook.com\/steinecker.fashion\" \/>\n<meta property=\"article:modified_time\" content=\"2022-12-28T12:39:09+00:00\" \/>\n<meta property=\"og:image\" content=\"https:\/\/www.steinecker.at\/fashion\/wp-content\/uploads\/2017\/11\/image001.jpg\" \/>\n\t<meta property=\"og:image:width\" content=\"1280\" \/>\n\t<meta property=\"og:image:height\" content=\"855\" \/>\n\t<meta property=\"og:image:type\" content=\"image\/jpeg\" \/>\n<meta name=\"twitter:card\" content=\"summary_large_image\" \/>\n<meta name=\"twitter:label1\" content=\"Gesch\u00e4tzte Lesezeit\" \/>\n\t<meta name=\"twitter:data1\" content=\"1\u00a0Minute\" \/>\n<script type=\"application\/ld+json\" class=\"yoast-schema-graph\">{\"@context\":\"https:\\\/\\\/schema.org\",\"@graph\":[{\"@type\":\"WebPage\",\"@id\":\"https:\\\/\\\/www.steinecker.at\\\/fashion\\\/firmenkunden-ausstattungen\\\/\",\"url\":\"https:\\\/\\\/www.steinecker.at\\\/fashion\\\/firmenkunden-ausstattungen\\\/\",\"name\":\"Firmenkunden Ausstattungen - Steinecker Fashion - Markenmode - Abendmode\",\"isPartOf\":{\"@id\":\"https:\\\/\\\/www.steinecker.at\\\/fashion\\\/#website\"},\"primaryImageOfPage\":{\"@id\":\"https:\\\/\\\/www.steinecker.at\\\/fashion\\\/firmenkunden-ausstattungen\\\/#primaryimage\"},\"image\":{\"@id\":\"https:\\\/\\\/www.steinecker.at\\\/fashion\\\/firmenkunden-ausstattungen\\\/#primaryimage\"},\"thumbnailUrl\":\"https:\\\/\\\/www.steinecker.at\\\/fashion\\\/wp-content\\\/uploads\\\/2017\\\/11\\\/image001.jpg\",\"datePublished\":\"2020-05-05T06:54:13+00:00\",\"dateModified\":\"2022-12-28T12:39:09+00:00\",\"description\":\"Steinecker ist Spezialist bei der Ausstattung von Firmen- und Vereinskunden. Von Topmarken bis zu preisg\u00fcnstigen Varianten f\u00fcr Damen und Herren.\",\"breadcrumb\":{\"@id\":\"https:\\\/\\\/www.steinecker.at\\\/fashion\\\/firmenkunden-ausstattungen\\\/#breadcrumb\"},\"inLanguage\":\"de\",\"potentialAction\":[{\"@type\":\"ReadAction\",\"target\":[\"https:\\\/\\\/www.steinecker.at\\\/fashion\\\/firmenkunden-ausstattungen\\\/\"]}]},{\"@type\":\"ImageObject\",\"inLanguage\":\"de\",\"@id\":\"https:\\\/\\\/www.steinecker.at\\\/fashion\\\/firmenkunden-ausstattungen\\\/#primaryimage\",\"url\":\"https:\\\/\\\/www.steinecker.at\\\/fashion\\\/wp-content\\\/uploads\\\/2017\\\/11\\\/image001.jpg\",\"contentUrl\":\"https:\\\/\\\/www.steinecker.at\\\/fashion\\\/wp-content\\\/uploads\\\/2017\\\/11\\\/image001.jpg\",\"width\":1280,\"height\":855},{\"@type\":\"BreadcrumbList\",\"@id\":\"https:\\\/\\\/www.steinecker.at\\\/fashion\\\/firmenkunden-ausstattungen\\\/#breadcrumb\",\"itemListElement\":[{\"@type\":\"ListItem\",\"position\":1,\"name\":\"Startseite\",\"item\":\"https:\\\/\\\/www.steinecker.at\\\/fashion\\\/\"},{\"@type\":\"ListItem\",\"position\":2,\"name\":\"Firmenkunden Ausstattungen\"}]},{\"@type\":\"WebSite\",\"@id\":\"https:\\\/\\\/www.steinecker.at\\\/fashion\\\/#website\",\"url\":\"https:\\\/\\\/www.steinecker.at\\\/fashion\\\/\",\"name\":\"Steinecker Fashion - Markenmode - Abendmode\",\"description\":\"Markenmode und die sch\u00f6nsten Abendmode Trends f\u00fcr SIE und IHN\",\"potentialAction\":[{\"@type\":\"SearchAction\",\"target\":{\"@type\":\"EntryPoint\",\"urlTemplate\":\"https:\\\/\\\/www.steinecker.at\\\/fashion\\\/?s={search_term_string}\"},\"query-input\":{\"@type\":\"PropertyValueSpecification\",\"valueRequired\":true,\"valueName\":\"search_term_string\"}}],\"inLanguage\":\"de\"}]}<\/script>\n<!-- \/ Yoast SEO plugin. -->","yoast_head_json":{"title":"Firmenkunden Ausstattungen - Steinecker Fashion - Markenmode - Abendmode","description":"Steinecker ist Spezialist bei der Ausstattung von Firmen- und Vereinskunden. Von Topmarken bis zu preisg\u00fcnstigen Varianten f\u00fcr Damen und Herren.","robots":{"index":"index","follow":"follow","max-snippet":"max-snippet:-1","max-image-preview":"max-image-preview:large","max-video-preview":"max-video-preview:-1"},"canonical":"https:\/\/www.steinecker.at\/fashion\/firmenkunden-ausstattungen\/","og_locale":"de_DE","og_type":"article","og_title":"Firmenkunden Ausstattungen - Steinecker Fashion - Markenmode - Abendmode","og_description":"Steinecker ist Spezialist bei der Ausstattung von Firmen- und Vereinskunden. Von Topmarken bis zu preisg\u00fcnstigen Varianten f\u00fcr Damen und Herren.","og_url":"https:\/\/www.steinecker.at\/fashion\/firmenkunden-ausstattungen\/","og_site_name":"Steinecker Fashion - Markenmode - Abendmode","article_publisher":"https:\/\/www.facebook.com\/steinecker.fashion","article_modified_time":"2022-12-28T12:39:09+00:00","og_image":[{"width":1280,"height":855,"url":"https:\/\/www.steinecker.at\/fashion\/wp-content\/uploads\/2017\/11\/image001.jpg","type":"image\/jpeg"}],"twitter_card":"summary_large_image","twitter_misc":{"Gesch\u00e4tzte Lesezeit":"1\u00a0Minute"},"schema":{"@context":"https:\/\/schema.org","@graph":[{"@type":"WebPage","@id":"https:\/\/www.steinecker.at\/fashion\/firmenkunden-ausstattungen\/","url":"https:\/\/www.steinecker.at\/fashion\/firmenkunden-ausstattungen\/","name":"Firmenkunden Ausstattungen - Steinecker Fashion - Markenmode - Abendmode","isPartOf":{"@id":"https:\/\/www.steinecker.at\/fashion\/#website"},"primaryImageOfPage":{"@id":"https:\/\/www.steinecker.at\/fashion\/firmenkunden-ausstattungen\/#primaryimage"},"image":{"@id":"https:\/\/www.steinecker.at\/fashion\/firmenkunden-ausstattungen\/#primaryimage"},"thumbnailUrl":"https:\/\/www.steinecker.at\/fashion\/wp-content\/uploads\/2017\/11\/image001.jpg","datePublished":"2020-05-05T06:54:13+00:00","dateModified":"2022-12-28T12:39:09+00:00","description":"Steinecker ist Spezialist bei der Ausstattung von Firmen- und Vereinskunden. Von Topmarken bis zu preisg\u00fcnstigen Varianten f\u00fcr Damen und Herren.","breadcrumb":{"@id":"https:\/\/www.steinecker.at\/fashion\/firmenkunden-ausstattungen\/#breadcrumb"},"inLanguage":"de","potentialAction":[{"@type":"ReadAction","target":["https:\/\/www.steinecker.at\/fashion\/firmenkunden-ausstattungen\/"]}]},{"@type":"ImageObject","inLanguage":"de","@id":"https:\/\/www.steinecker.at\/fashion\/firmenkunden-ausstattungen\/#primaryimage","url":"https:\/\/www.steinecker.at\/fashion\/wp-content\/uploads\/2017\/11\/image001.jpg","contentUrl":"https:\/\/www.steinecker.at\/fashion\/wp-content\/uploads\/2017\/11\/image001.jpg","width":1280,"height":855},{"@type":"BreadcrumbList","@id":"https:\/\/www.steinecker.at\/fashion\/firmenkunden-ausstattungen\/#breadcrumb","itemListElement":[{"@type":"ListItem","position":1,"name":"Startseite","item":"https:\/\/www.steinecker.at\/fashion\/"},{"@type":"ListItem","position":2,"name":"Firmenkunden Ausstattungen"}]},{"@type":"WebSite","@id":"https:\/\/www.steinecker.at\/fashion\/#website","url":"https:\/\/www.steinecker.at\/fashion\/","name":"Steinecker Fashion - Markenmode - Abendmode","description":"Markenmode und die sch\u00f6nsten Abendmode Trends f\u00fcr SIE und IHN","potentialAction":[{"@type":"SearchAction","target":{"@type":"EntryPoint","urlTemplate":"https:\/\/www.steinecker.at\/fashion\/?s={search_term_string}"},"query-input":{"@type":"PropertyValueSpecification","valueRequired":true,"valueName":"search_term_string"}}],"inLanguage":"de"}]}},"_links":{"self":[{"href":"https:\/\/www.steinecker.at\/fashion\/wp-json\/wp\/v2\/pages\/6534","targetHints":{"allow":["GET"]}}],"collection":[{"href":"https:\/\/www.steinecker.at\/fashion\/wp-json\/wp\/v2\/pages"}],"about":[{"href":"https:\/\/www.steinecker.at\/fashion\/wp-json\/wp\/v2\/types\/page"}],"author":[{"embeddable":true,"href":"https:\/\/www.steinecker.at\/fashion\/wp-json\/wp\/v2\/users\/1"}],"replies":[{"embeddable":true,"href":"https:\/\/www.steinecker.at\/fashion\/wp-json\/wp\/v2\/comments?post=6534"}],"version-history":[{"count":11,"href":"https:\/\/www.steinecker.at\/fashion\/wp-json\/wp\/v2\/pages\/6534\/revisions"}],"predecessor-version":[{"id":7846,"href":"https:\/\/www.steinecker.at\/fashion\/wp-json\/wp\/v2\/pages\/6534\/revisions\/7846"}],"wp:featuredmedia":[{"embeddable":true,"href":"https:\/\/www.steinecker.at\/fashion\/wp-json\/wp\/v2\/media\/4455"}],"wp:attachment":[{"href":"https:\/\/www.steinecker.at\/fashion\/wp-json\/wp\/v2\/media?parent=6534"}],"curies":[{"name":"wp","href":"https:\/\/api.w.org\/{rel}","templated":true}]}}